{"id":41,"date":"2023-03-14T10:10:04","date_gmt":"2023-03-14T10:10:04","guid":{"rendered":"https:\/\/demo.ovatheme.com\/vedhak\/?page_id=41"},"modified":"2023-05-31T06:07:14","modified_gmt":"2023-05-31T06:07:14","slug":"genel-bilgiler","status":"publish","type":"page","link":"https:\/\/www.cuppabeachglamping.com\/en\/genel-bilgiler\/","title":{"rendered":"General Information"},"content":{"rendered":"<div data-elementor-type=\"wp-page\" data-elementor-id=\"41\" class=\"elementor elementor-41\">\n\t\t\t\t\t\t\t\t\t<section class=\"elementor-section elementor-top-section elementor-element elementor-element-e0e69ce elementor-section-boxed elementor-section-height-default elementor-section-height-default\" data-id=\"e0e69ce\" data-element_type=\"section\">\n\t\t\t\t\t\t<div class=\"elementor-container elementor-column-gap-default\">\n\t\t\t\t\t<div class=\"elementor-column elementor-col-100 elementor-top-column elementor-element elementor-element-5ce4438\" data-id=\"5ce4438\" data-element_type=\"column\">\n\t\t\t<div class=\"elementor-widget-wrap elementor-element-populated\">\n\t\t\t\t\t\t\t\t<section class=\"elementor-section elementor-inner-section elementor-element elementor-element-1360559 elementor-section-full_width elementor-section-height-default elementor-section-height-default\" data-id=\"1360559\" data-element_type=\"section\">\n\t\t\t\t\t\t<div class=\"elementor-container elementor-column-gap-default\">\n\t\t\t\t\t<div class=\"elementor-column elementor-col-50 elementor-inner-column elementor-element elementor-element-60d290a\" data-id=\"60d290a\" data-element_type=\"column\">\n\t\t\t<div class=\"elementor-widget-wrap elementor-element-populated\">\n\t\t\t\t\t\t\t\t<div class=\"elementor-element elementor-element-349b483 elementor-widget elementor-widget-vedhak_elementor_heading\" data-id=\"349b483\" data-element_type=\"widget\" data-widget_type=\"vedhak_elementor_heading.default\">\n\t\t\t\t<div class=\"elementor-widget-container\">\n\t\t\t\n\t\t\t<div class=\"ova-heading template1\">\n\n\t\t\t\t\n\t\t\t\t\t<h2 class=\"sub-title\">\n\n\t\t\t\t\t\t01\n\t\t\t\t\t\t\t\t\t\t\t\t\t<span class=\"line-decoration\"><\/span>\n\t\t\t\t\t\t\n\t\t\t\t\t\tCuppa Beach Glamping\n\t\t\t\t\t<\/h2>\n\n\t\t\t\t\n\t\t\t\t\n\t\t\t\t\t\n\t\t\t\t\t\t<h3 class=\"title\"><span class=\"title-bold\">Holiday Address in Assos <\/span><span class=\"title-normal\">#BThisSummerCuppa <\/span><\/h3>\n\n\t\t\t\t\t\n\n\t\t\t\t\t\t\t\t\t\n\t\t\t\t\n\t\t\t\t\n\t\t\t\t\t\n\t\t\t\t\n\t\t\t<\/div>\n\n\t\t\t\t<\/div>\n\t\t\t\t<\/div>\n\t\t\t\t\t<\/div>\n\t\t<\/div>\n\t\t\t\t<div class=\"elementor-column elementor-col-50 elementor-inner-column elementor-element elementor-element-ebd5f30\" data-id=\"ebd5f30\" data-element_type=\"column\">\n\t\t\t<div class=\"elementor-widget-wrap elementor-element-populated\">\n\t\t\t\t\t\t\t\t<div class=\"elementor-element elementor-element-3ed64f3 elementor-widget elementor-widget-text-editor\" data-id=\"3ed64f3\" data-element_type=\"widget\" data-widget_type=\"text-editor.default\">\n\t\t\t\t<div class=\"elementor-widget-container\">\n\t\t\t<style>\/*! elementor - v3.13.3 - 28-05-2023 *\/\n.elementor-widget-text-editor.elementor-drop-cap-view-stacked .elementor-drop-cap{background-color:#69727d;color:#fff}.elementor-widget-text-editor.elementor-drop-cap-view-framed .elementor-drop-cap{color:#69727d;border:3px solid;background-color:transparent}.elementor-widget-text-editor:not(.elementor-drop-cap-view-default) .elementor-drop-cap{margin-top:8px}.elementor-widget-text-editor:not(.elementor-drop-cap-view-default) .elementor-drop-cap-letter{width:1em;height:1em}.elementor-widget-text-editor .elementor-drop-cap{float:left;text-align:center;line-height:1;font-size:50px}.elementor-widget-text-editor .elementor-drop-cap-letter{display:inline-block}<\/style>\t\t\t\t<p>To find peace with the atmosphere of olive trees, your route should be us, Cuppa Beach &amp; Glamping. Cuppa Beach &amp; Glamping is located on Assos Beach Road and a short 3 km from K\u00fc\u00e7\u00fckkuyu. Moreover, the fact that our facility is built on a lush wooded land and is by the sea allows you to be alone with the pristine nature atmosphere.<\/p>\t\t\t\t\t\t<\/div>\n\t\t\t\t<\/div>\n\t\t\t\t\t<\/div>\n\t\t<\/div>\n\t\t\t\t\t\t\t<\/div>\n\t\t<\/section>\n\t\t\t\t<section class=\"elementor-section elementor-inner-section elementor-element elementor-element-77d24b0 elementor-section-full_width elementor-section-height-default elementor-section-height-default\" data-id=\"77d24b0\" data-element_type=\"section\">\n\t\t\t\t\t\t<div class=\"elementor-container elementor-column-gap-extended\">\n\t\t\t\t\t<div class=\"elementor-column elementor-col-25 elementor-inner-column elementor-element elementor-element-018f7b7\" data-id=\"018f7b7\" data-element_type=\"column\">\n\t\t\t<div class=\"elementor-widget-wrap elementor-element-populated\">\n\t\t\t\t\t\t\t\t<div class=\"elementor-element elementor-element-c803555 elementor-widget elementor-widget-vedhak_elementor_icon_box\" data-id=\"c803555\" data-element_type=\"widget\" data-widget_type=\"vedhak_elementor_icon_box.default\">\n\t\t\t\t<div class=\"elementor-widget-container\">\n\t\t\t\n\t\t<div class=\"ova-icon-box template3\"> \n\n\t\t\t\t\t\t\t<a class=\"iconbox\" href=\"#\" >\n\t\t\t\t\n\n\t\t\t\t<span class=\"icon\">\n\t\t\t\t\t<i aria-hidden=\"true\" class=\"fas fa-bread-slice\"><\/i>\t\t\t\t<\/span>\n\t\t\t\t\n\t\t\t\t<div class=\"content\">\n\n\t\t\t\t\t\t\t\t\t\t\t<h3 class=\"title\">\n\t\t\t\t\t\t\tconcept\t\t\t\t\t\t<\/h3>\n\t                \n\t                \t\t\t\t\t\t<p class=\"description\">\n\t\t\t\t\t\t\tWe are working on Bed &amp; Breakfast Concept in All Glamping and Private Tent Accommodations.\t\t\t\t\t\t<\/p>\n\t\t\t\t\t\n\t\t\t\t<\/div>\n\t\t\t\t\n\t\t\t\t\t\t\t\t\t<div class=\"line-decoration\"><\/div>\n\t\t\t\t\n\t\t\t\t\t\n\n\t\t\t\t\t<div class=\"button-readmore\">\n\t\t\t\t\t\t<span class=\"text-button\"><\/span>\n\t\t\t\t\t\t<span class=\"icon-button\"><\/span> \n\t\t\t\t\t<\/div> \n\t\t\t\n\t\t\t\t\n\n\t\t\t\t\t\t\t<\/a> \n\t\t\t\t\n\n\t\t<\/div>\n\n\t\t\t\t<\/div>\n\t\t\t\t<\/div>\n\t\t\t\t\t<\/div>\n\t\t<\/div>\n\t\t\t\t<div class=\"elementor-column elementor-col-25 elementor-inner-column elementor-element elementor-element-e0d0369\" data-id=\"e0d0369\" data-element_type=\"column\">\n\t\t\t<div class=\"elementor-widget-wrap elementor-element-populated\">\n\t\t\t\t\t\t\t\t<div class=\"elementor-element elementor-element-b7804cd elementor-widget elementor-widget-vedhak_elementor_icon_box\" data-id=\"b7804cd\" data-element_type=\"widget\" data-widget_type=\"vedhak_elementor_icon_box.default\">\n\t\t\t\t<div class=\"elementor-widget-container\">\n\t\t\t\n\t\t<div class=\"ova-icon-box template3\"> \n\n\t\t\t\t\t\t\t<a class=\"iconbox\" href=\"#\" >\n\t\t\t\t\n\n\t\t\t\t<span class=\"icon\">\n\t\t\t\t\t<i aria-hidden=\"true\" class=\"flaticon flaticon-021-cottage-1\"><\/i>\t\t\t\t<\/span>\n\t\t\t\t\n\t\t\t\t<div class=\"content\">\n\n\t\t\t\t\t\t\t\t\t\t\t<h3 class=\"title\">\n\t\t\t\t\t\t\tDome Accommodation\t\t\t\t\t\t<\/h3>\n\t                \n\t                \t\t\t\t\t\t<p class=\"description\">\n\t\t\t\t\t\t\tEnjoy your holiday in our double dome tents and private terraces.\t\t\t\t\t\t<\/p>\n\t\t\t\t\t\n\t\t\t\t<\/div>\n\t\t\t\t\n\t\t\t\t\t\t\t\t\t<div class=\"line-decoration\"><\/div>\n\t\t\t\t\n\t\t\t\t\t\n\n\t\t\t\t\t<div class=\"button-readmore\">\n\t\t\t\t\t\t<span class=\"text-button\"><\/span>\n\t\t\t\t\t\t<span class=\"icon-button\"><\/span> \n\t\t\t\t\t<\/div> \n\t\t\t\n\t\t\t\t\n\n\t\t\t\t\t\t\t<\/a> \n\t\t\t\t\n\n\t\t<\/div>\n\n\t\t\t\t<\/div>\n\t\t\t\t<\/div>\n\t\t\t\t\t<\/div>\n\t\t<\/div>\n\t\t\t\t<div class=\"elementor-column elementor-col-25 elementor-inner-column elementor-element elementor-element-5585dce\" data-id=\"5585dce\" data-element_type=\"column\">\n\t\t\t<div class=\"elementor-widget-wrap elementor-element-populated\">\n\t\t\t\t\t\t\t\t<div class=\"elementor-element elementor-element-bff6414 elementor-widget elementor-widget-vedhak_elementor_icon_box\" data-id=\"bff6414\" data-element_type=\"widget\" data-widget_type=\"vedhak_elementor_icon_box.default\">\n\t\t\t\t<div class=\"elementor-widget-container\">\n\t\t\t\n\t\t<div class=\"ova-icon-box template3\"> \n\n\t\t\t\t\t\t\t<a class=\"iconbox\" href=\"#\" >\n\t\t\t\t\n\n\t\t\t\t<span class=\"icon\">\n\t\t\t\t\t<i aria-hidden=\"true\" class=\"flaticon flaticon-009-tent-2\"><\/i>\t\t\t\t<\/span>\n\t\t\t\t\n\t\t\t\t<div class=\"content\">\n\n\t\t\t\t\t\t\t\t\t\t\t<h3 class=\"title\">\n\t\t\t\t\t\t\tLuxury Tent Area\t\t\t\t\t\t<\/h3>\n\t                \n\t                \t\t\t\t\t\t<p class=\"description\">\n\t\t\t\t\t\t\tYou can stay with your own tent in special tent areas.\t\t\t\t\t\t<\/p>\n\t\t\t\t\t\n\t\t\t\t<\/div>\n\t\t\t\t\n\t\t\t\t\t\t\t\t\t<div class=\"line-decoration\"><\/div>\n\t\t\t\t\n\t\t\t\t\t\n\n\t\t\t\t\t<div class=\"button-readmore\">\n\t\t\t\t\t\t<span class=\"text-button\"><\/span>\n\t\t\t\t\t\t<span class=\"icon-button\"><\/span> \n\t\t\t\t\t<\/div> \n\t\t\t\n\t\t\t\t\n\n\t\t\t\t\t\t\t<\/a> \n\t\t\t\t\n\n\t\t<\/div>\n\n\t\t\t\t<\/div>\n\t\t\t\t<\/div>\n\t\t\t\t\t<\/div>\n\t\t<\/div>\n\t\t\t\t<div class=\"elementor-column elementor-col-25 elementor-inner-column elementor-element elementor-element-ea766de\" data-id=\"ea766de\" data-element_type=\"column\">\n\t\t\t<div class=\"elementor-widget-wrap elementor-element-populated\">\n\t\t\t\t\t\t\t\t<div class=\"elementor-element elementor-element-3d0ed4e elementor-widget elementor-widget-vedhak_elementor_icon_box\" data-id=\"3d0ed4e\" data-element_type=\"widget\" data-widget_type=\"vedhak_elementor_icon_box.default\">\n\t\t\t\t<div class=\"elementor-widget-container\">\n\t\t\t\n\t\t<div class=\"ova-icon-box template3\"> \n\n\t\t\t\t\t\t\t<a class=\"iconbox\" href=\"#\" >\n\t\t\t\t\n\n\t\t\t\t<span class=\"icon\">\n\t\t\t\t\t<i aria-hidden=\"true\" class=\"flaticon flaticon-013-campfire\"><\/i>\t\t\t\t<\/span>\n\t\t\t\t\n\t\t\t\t<div class=\"content\">\n\n\t\t\t\t\t\t\t\t\t\t\t<h3 class=\"title\">\n\t\t\t\t\t\t\tRestaurant &amp; Beach\t\t\t\t\t\t<\/h3>\n\t                \n\t                \t\t\t\t\t\t<p class=\"description\">\n\t\t\t\t\t\t\tYou can reach everything you want in our restaurant with a private pier, beach, sun loungers and umbrellas.\t\t\t\t\t\t<\/p>\n\t\t\t\t\t\n\t\t\t\t<\/div>\n\t\t\t\t\n\t\t\t\t\t\t\t\t\t<div class=\"line-decoration\"><\/div>\n\t\t\t\t\n\t\t\t\t\t\n\n\t\t\t\t\t<div class=\"button-readmore\">\n\t\t\t\t\t\t<span class=\"text-button\"><\/span>\n\t\t\t\t\t\t<span class=\"icon-button\"><\/span> \n\t\t\t\t\t<\/div> \n\t\t\t\n\t\t\t\t\n\n\t\t\t\t\t\t\t<\/a> \n\t\t\t\t\n\n\t\t<\/div>\n\n\t\t\t\t<\/div>\n\t\t\t\t<\/div>\n\t\t\t\t\t<\/div>\n\t\t<\/div>\n\t\t\t\t\t\t\t<\/div>\n\t\t<\/section>\n\t\t\t\t\t<\/div>\n\t\t<\/div>\n\t\t\t\t\t\t\t<\/div>\n\t\t<\/section>\n\t\t\t\t\t\t\t<\/div>","protected":false},"excerpt":{"rendered":"<p>01 Cuppa Beach Glamping The Address of Vacation in Assos #BuYazCuppada In order to find peace with the atmosphere of olive trees, your route should be us, Cuppa Beach &amp; Glamping. Cuppa Beach &amp; Glamping is located on Assos Beach Road and a short 3 km from K\u00fc\u00e7\u00fckkuyu. Moreover, the fact that our facility is built on a lush wooded land and is by the sea, [\u2026]<\/p>","protected":false},"author":1,"featured_media":0,"parent":0,"menu_order":0,"comment_status":"closed","ping_status":"closed","template":"elementor_header_footer","meta":{"footnotes":""},"class_list":["post-41","page","type-page","status-publish","hentry"],"yoast_head":"<!-- This site is optimized with the Yoast SEO plugin v20.8 - https:\/\/yoast.com\/wordpress\/plugins\/seo\/ -->\n<title>Genel Bilgiler - Cuppa Beach Glamping<\/title>\n<meta name=\"robots\" content=\"index, follow, max-snippet:-1, max-image-preview:large, max-video-preview:-1\" \/>\n<link rel=\"canonical\" href=\"https:\/\/www.cuppabeachglamping.com\/en\/genel-bilgiler\/\" \/>\n<meta property=\"og:locale\" content=\"en_US\" \/>\n<meta property=\"og:type\" content=\"article\" \/>\n<meta property=\"og:title\" content=\"Genel Bilgiler - Cuppa Beach Glamping\" \/>\n<meta property=\"og:description\" content=\"01 Cuppa Beach Glamping Assos&#8217;ta Tatilin Adresi #BuYazCuppaday\u0131z Zeytin a\u011fa\u00e7lar\u0131n\u0131n atmosferiyle huzur bulmak i\u00e7in rotan\u0131z biz, yani Cuppa Beach &amp; Glamping olmal\u0131. Cuppa Beach &amp; Glamping, Assos Sahil Yolu&#8217;nda ve K\u00fc\u00e7\u00fckkuyu\u2019ya 3 km\u2019lik k\u0131sa bir mesafede yer almaktad\u0131r. \u00dcstelik tesisimizin yemye\u015fil a\u011fa\u00e7l\u0131k bir arazi \u00fczerine kurulmu\u015f ve denize s\u0131f\u0131r olmas\u0131 tertemiz do\u011fa atmosferiyle ba\u015f ba\u015fa [&hellip;]\" \/>\n<meta property=\"og:url\" content=\"https:\/\/www.cuppabeachglamping.com\/en\/genel-bilgiler\/\" \/>\n<meta property=\"og:site_name\" content=\"Cuppa Beach Glamping\" \/>\n<meta property=\"article:publisher\" content=\"https:\/\/www.facebook.com\/cuppabeachglamping.com\" \/>\n<meta property=\"article:modified_time\" content=\"2023-05-31T06:07:14+00:00\" \/>\n<meta name=\"twitter:card\" content=\"summary_large_image\" \/>\n<meta name=\"twitter:label1\" content=\"Est. reading time\" \/>\n\t<meta name=\"twitter:data1\" content=\"1 minute\" \/>\n<script type=\"application\/ld+json\" class=\"yoast-schema-graph\">{\"@context\":\"https:\/\/schema.org\",\"@graph\":[{\"@type\":\"WebPage\",\"@id\":\"https:\/\/www.cuppabeachglamping.com\/en\/genel-bilgiler\/\",\"url\":\"https:\/\/www.cuppabeachglamping.com\/en\/genel-bilgiler\/\",\"name\":\"Genel Bilgiler - Cuppa Beach Glamping\",\"isPartOf\":{\"@id\":\"https:\/\/www.cuppabeachglamping.com\/en\/#website\"},\"datePublished\":\"2023-03-14T10:10:04+00:00\",\"dateModified\":\"2023-05-31T06:07:14+00:00\",\"breadcrumb\":{\"@id\":\"https:\/\/www.cuppabeachglamping.com\/en\/genel-bilgiler\/#breadcrumb\"},\"inLanguage\":\"en-US\",\"potentialAction\":[{\"@type\":\"ReadAction\",\"target\":[\"https:\/\/www.cuppabeachglamping.com\/en\/genel-bilgiler\/\"]}]},{\"@type\":\"BreadcrumbList\",\"@id\":\"https:\/\/www.cuppabeachglamping.com\/en\/genel-bilgiler\/#breadcrumb\",\"itemListElement\":[{\"@type\":\"ListItem\",\"position\":1,\"name\":\"Anasayfa\",\"item\":\"https:\/\/www.cuppabeachglamping.com\/\"},{\"@type\":\"ListItem\",\"position\":2,\"name\":\"Genel Bilgiler\"}]},{\"@type\":\"WebSite\",\"@id\":\"https:\/\/www.cuppabeachglamping.com\/en\/#website\",\"url\":\"https:\/\/www.cuppabeachglamping.com\/en\/\",\"name\":\"Cuppa Beach Glamping\",\"description\":\"Bu Yaz Assos&#039;ta Cuppa&#039;day\u0131z\",\"publisher\":{\"@id\":\"https:\/\/www.cuppabeachglamping.com\/en\/#organization\"},\"potentialAction\":[{\"@type\":\"SearchAction\",\"target\":{\"@type\":\"EntryPoint\",\"urlTemplate\":\"https:\/\/www.cuppabeachglamping.com\/en\/?s={search_term_string}\"},\"query-input\":\"required name=search_term_string\"}],\"inLanguage\":\"en-US\"},{\"@type\":\"Organization\",\"@id\":\"https:\/\/www.cuppabeachglamping.com\/en\/#organization\",\"name\":\"Cuppa Beach Glamping\",\"url\":\"https:\/\/www.cuppabeachglamping.com\/en\/\",\"logo\":{\"@type\":\"ImageObject\",\"inLanguage\":\"en-US\",\"@id\":\"https:\/\/www.cuppabeachglamping.com\/en\/#\/schema\/logo\/image\/\",\"url\":\"https:\/\/www.cuppabeachglamping.com\/wp-content\/uploads\/2023\/05\/cropped-siteikon.png\",\"contentUrl\":\"https:\/\/www.cuppabeachglamping.com\/wp-content\/uploads\/2023\/05\/cropped-siteikon.png\",\"width\":512,\"height\":512,\"caption\":\"Cuppa Beach Glamping\"},\"image\":{\"@id\":\"https:\/\/www.cuppabeachglamping.com\/en\/#\/schema\/logo\/image\/\"},\"sameAs\":[\"https:\/\/www.facebook.com\/cuppabeachglamping.com\",\"https:\/\/www.instagram.com\/cuppabeachglamping.com\"]}]}<\/script>\n<!-- \/ Yoast SEO plugin. -->","yoast_head_json":{"title":"Genel Bilgiler - Cuppa Beach Glamping","robots":{"index":"index","follow":"follow","max-snippet":"max-snippet:-1","max-image-preview":"max-image-preview:large","max-video-preview":"max-video-preview:-1"},"canonical":"https:\/\/www.cuppabeachglamping.com\/en\/genel-bilgiler\/","og_locale":"en_US","og_type":"article","og_title":"Genel Bilgiler - Cuppa Beach Glamping","og_description":"01 Cuppa Beach Glamping Assos&#8217;ta Tatilin Adresi #BuYazCuppaday\u0131z Zeytin a\u011fa\u00e7lar\u0131n\u0131n atmosferiyle huzur bulmak i\u00e7in rotan\u0131z biz, yani Cuppa Beach &amp; Glamping olmal\u0131. Cuppa Beach &amp; Glamping, Assos Sahil Yolu&#8217;nda ve K\u00fc\u00e7\u00fckkuyu\u2019ya 3 km\u2019lik k\u0131sa bir mesafede yer almaktad\u0131r. \u00dcstelik tesisimizin yemye\u015fil a\u011fa\u00e7l\u0131k bir arazi \u00fczerine kurulmu\u015f ve denize s\u0131f\u0131r olmas\u0131 tertemiz do\u011fa atmosferiyle ba\u015f ba\u015fa [&hellip;]","og_url":"https:\/\/www.cuppabeachglamping.com\/en\/genel-bilgiler\/","og_site_name":"Cuppa Beach Glamping","article_publisher":"https:\/\/www.facebook.com\/cuppabeachglamping.com","article_modified_time":"2023-05-31T06:07:14+00:00","twitter_card":"summary_large_image","twitter_misc":{"Est. reading time":"1 minute"},"schema":{"@context":"https:\/\/schema.org","@graph":[{"@type":"WebPage","@id":"https:\/\/www.cuppabeachglamping.com\/en\/genel-bilgiler\/","url":"https:\/\/www.cuppabeachglamping.com\/en\/genel-bilgiler\/","name":"Genel Bilgiler - Cuppa Beach Glamping","isPartOf":{"@id":"https:\/\/www.cuppabeachglamping.com\/en\/#website"},"datePublished":"2023-03-14T10:10:04+00:00","dateModified":"2023-05-31T06:07:14+00:00","breadcrumb":{"@id":"https:\/\/www.cuppabeachglamping.com\/en\/genel-bilgiler\/#breadcrumb"},"inLanguage":"en-US","potentialAction":[{"@type":"ReadAction","target":["https:\/\/www.cuppabeachglamping.com\/en\/genel-bilgiler\/"]}]},{"@type":"BreadcrumbList","@id":"https:\/\/www.cuppabeachglamping.com\/en\/genel-bilgiler\/#breadcrumb","itemListElement":[{"@type":"ListItem","position":1,"name":"Anasayfa","item":"https:\/\/www.cuppabeachglamping.com\/"},{"@type":"ListItem","position":2,"name":"Genel Bilgiler"}]},{"@type":"WebSite","@id":"https:\/\/www.cuppabeachglamping.com\/en\/#website","url":"https:\/\/www.cuppabeachglamping.com\/en\/","name":"Cuppa Beach Glamping","description":"Bu Yaz Assos&#039;ta Cuppa&#039;day\u0131z","publisher":{"@id":"https:\/\/www.cuppabeachglamping.com\/en\/#organization"},"potentialAction":[{"@type":"SearchAction","target":{"@type":"EntryPoint","urlTemplate":"https:\/\/www.cuppabeachglamping.com\/en\/?s={search_term_string}"},"query-input":"required name=search_term_string"}],"inLanguage":"en-US"},{"@type":"Organization","@id":"https:\/\/www.cuppabeachglamping.com\/en\/#organization","name":"Cuppa Beach Glamping","url":"https:\/\/www.cuppabeachglamping.com\/en\/","logo":{"@type":"ImageObject","inLanguage":"en-US","@id":"https:\/\/www.cuppabeachglamping.com\/en\/#\/schema\/logo\/image\/","url":"https:\/\/www.cuppabeachglamping.com\/wp-content\/uploads\/2023\/05\/cropped-siteikon.png","contentUrl":"https:\/\/www.cuppabeachglamping.com\/wp-content\/uploads\/2023\/05\/cropped-siteikon.png","width":512,"height":512,"caption":"Cuppa Beach Glamping"},"image":{"@id":"https:\/\/www.cuppabeachglamping.com\/en\/#\/schema\/logo\/image\/"},"sameAs":["https:\/\/www.facebook.com\/cuppabeachglamping.com","https:\/\/www.instagram.com\/cuppabeachglamping.com"]}]}},"_links":{"self":[{"href":"https:\/\/www.cuppabeachglamping.com\/en\/wp-json\/wp\/v2\/pages\/41","targetHints":{"allow":["GET"]}}],"collection":[{"href":"https:\/\/www.cuppabeachglamping.com\/en\/wp-json\/wp\/v2\/pages"}],"about":[{"href":"https:\/\/www.cuppabeachglamping.com\/en\/wp-json\/wp\/v2\/types\/page"}],"author":[{"embeddable":true,"href":"https:\/\/www.cuppabeachglamping.com\/en\/wp-json\/wp\/v2\/users\/1"}],"replies":[{"embeddable":true,"href":"https:\/\/www.cuppabeachglamping.com\/en\/wp-json\/wp\/v2\/comments?post=41"}],"version-history":[{"count":8,"href":"https:\/\/www.cuppabeachglamping.com\/en\/wp-json\/wp\/v2\/pages\/41\/revisions"}],"predecessor-version":[{"id":4258,"href":"https:\/\/www.cuppabeachglamping.com\/en\/wp-json\/wp\/v2\/pages\/41\/revisions\/4258"}],"wp:attachment":[{"href":"https:\/\/www.cuppabeachglamping.com\/en\/wp-json\/wp\/v2\/media?parent=41"}],"curies":[{"name":"wp","href":"https:\/\/api.w.org\/{rel}","templated":true}]}}