{"id":3968,"date":"2023-05-08T10:56:59","date_gmt":"2023-05-08T10:56:59","guid":{"rendered":"https:\/\/demo.ovatheme.com\/vedhak\/?post_type=product&#038;p=3968"},"modified":"2023-08-16T14:36:49","modified_gmt":"2023-08-16T14:36:49","slug":"dome","status":"publish","type":"product","link":"https:\/\/www.cuppabeachglamping.com\/en\/product\/dome\/","title":{"rendered":"dome"},"content":{"rendered":"<p>In our dome concept, accommodation is for double occupancy. There are toilet-shower-sink in them and their area is 35 m\u00b2. You can add pleasure to your evenings on the private terrace right in front of you. We are working on bed and breakfast within the concept. You can have your breakfast in the form of a mixed breakfast in our restaurant with a sea view. There is wireless internet throughout the glamping and beach area and is free of charge.<\/p>\n<p>Use of the beach, pier, sun loungers and umbrellas is free of charge for glamping stays.<\/p>","protected":false},"excerpt":{"rendered":"<p>In our Dome concept, accommodation is made for two people. They have a toilet-shower-sink and their area is 35 m\u00b2. You can enjoy your evenings on your private terrace right in front of it. We operate bed and breakfast within the concept. You can have your breakfast as a mixed breakfast in our restaurant with sea view. Wireless internet is available in the entire glamping and beach area and is free. In glamping accommodation, use of the beach, pier, sun loungers and umbrellas [\u2026]<\/p>","protected":false},"featured_media":4230,"template":"","meta":[],"product_cat":[15],"product_tag":[],"class_list":["post-3968","product","type-product","status-publish","has-post-thumbnail","hentry","product_cat-cuppa"],"yoast_head":"<!-- This site is optimized with the Yoast SEO plugin v20.8 - https:\/\/yoast.com\/wordpress\/plugins\/seo\/ -->\n<title>Dome - Cuppa Beach Glamping<\/title>\n<meta name=\"robots\" content=\"index, follow, max-snippet:-1, max-image-preview:large, max-video-preview:-1\" \/>\n<link rel=\"canonical\" href=\"https:\/\/www.cuppabeachglamping.com\/en\/product\/dome\/\" \/>\n<meta property=\"og:locale\" content=\"en_US\" \/>\n<meta property=\"og:type\" content=\"article\" \/>\n<meta property=\"og:title\" content=\"Dome - Cuppa Beach Glamping\" \/>\n<meta property=\"og:description\" content=\"Dome konseptimizde konaklamalar \u00e7ift ki\u015filik olarak yap\u0131lmaktad\u0131r. \u0130\u00e7lerinde tuvalet-du\u015f-lavabo bulunmakta olup alanlar\u0131 35 m\u00b2&#8217;dir. Hemen \u00f6n\u00fcnde bulunan size \u00f6zel teras\u0131nda ak\u015famlar\u0131n\u0131za keyif katabilirsiniz. Konsept dahilinde oda kahvalt\u0131 \u00e7al\u0131\u015fmaktay\u0131z. Kahvalt\u0131n\u0131z\u0131 deniz manzaras\u0131na sahip restoran\u0131m\u0131zda serpme kahvalt\u0131 \u015feklinde yapmaktas\u0131n\u0131z. Glamping ve plaj alan\u0131n\u0131n tamam\u0131nda kablosuz internet olmaktad\u0131r ve \u00fccretsizdir. Glamping konaklamalarda, plaj, iskele, \u015fezlong ve \u015femsiye kullan\u0131m\u0131 [&hellip;]\" \/>\n<meta property=\"og:url\" content=\"https:\/\/www.cuppabeachglamping.com\/en\/product\/dome\/\" \/>\n<meta property=\"og:site_name\" content=\"Cuppa Beach Glamping\" \/>\n<meta property=\"article:publisher\" content=\"https:\/\/www.facebook.com\/cuppabeachglamping.com\" \/>\n<meta property=\"article:modified_time\" content=\"2023-08-16T14:36:49+00:00\" \/>\n<meta property=\"og:image\" content=\"https:\/\/www.cuppabeachglamping.com\/wp-content\/uploads\/2023\/05\/assos-glamping.jpg\" \/>\n\t<meta property=\"og:image:width\" content=\"885\" \/>\n\t<meta property=\"og:image:height\" content=\"650\" \/>\n\t<meta property=\"og:image:type\" content=\"image\/jpeg\" \/>\n<meta name=\"twitter:card\" content=\"summary_large_image\" \/>\n<meta name=\"twitter:label1\" content=\"Est. reading time\" \/>\n\t<meta name=\"twitter:data1\" content=\"1 minute\" \/>\n<script type=\"application\/ld+json\" class=\"yoast-schema-graph\">{\"@context\":\"https:\/\/schema.org\",\"@graph\":[{\"@type\":\"WebPage\",\"@id\":\"https:\/\/www.cuppabeachglamping.com\/product\/dome\/\",\"url\":\"https:\/\/www.cuppabeachglamping.com\/product\/dome\/\",\"name\":\"Dome - Cuppa Beach Glamping\",\"isPartOf\":{\"@id\":\"https:\/\/www.cuppabeachglamping.com\/en\/#website\"},\"datePublished\":\"2023-05-08T10:56:59+00:00\",\"dateModified\":\"2023-08-16T14:36:49+00:00\",\"breadcrumb\":{\"@id\":\"https:\/\/www.cuppabeachglamping.com\/product\/dome\/#breadcrumb\"},\"inLanguage\":\"en-US\",\"potentialAction\":[{\"@type\":\"ReadAction\",\"target\":[\"https:\/\/www.cuppabeachglamping.com\/product\/dome\/\"]}]},{\"@type\":\"BreadcrumbList\",\"@id\":\"https:\/\/www.cuppabeachglamping.com\/product\/dome\/#breadcrumb\",\"itemListElement\":[{\"@type\":\"ListItem\",\"position\":1,\"name\":\"Anasayfa\",\"item\":\"https:\/\/www.cuppabeachglamping.com\/\"},{\"@type\":\"ListItem\",\"position\":2,\"name\":\"Products\",\"item\":\"https:\/\/www.cuppabeachglamping.com\/en\/shop__trashed\/\"},{\"@type\":\"ListItem\",\"position\":3,\"name\":\"Dome\"}]},{\"@type\":\"WebSite\",\"@id\":\"https:\/\/www.cuppabeachglamping.com\/en\/#website\",\"url\":\"https:\/\/www.cuppabeachglamping.com\/en\/\",\"name\":\"Cuppa Beach Glamping\",\"description\":\"Bu Yaz Assos&#039;ta Cuppa&#039;day\u0131z\",\"publisher\":{\"@id\":\"https:\/\/www.cuppabeachglamping.com\/en\/#organization\"},\"potentialAction\":[{\"@type\":\"SearchAction\",\"target\":{\"@type\":\"EntryPoint\",\"urlTemplate\":\"https:\/\/www.cuppabeachglamping.com\/en\/?s={search_term_string}\"},\"query-input\":\"required name=search_term_string\"}],\"inLanguage\":\"en-US\"},{\"@type\":\"Organization\",\"@id\":\"https:\/\/www.cuppabeachglamping.com\/en\/#organization\",\"name\":\"Cuppa Beach Glamping\",\"url\":\"https:\/\/www.cuppabeachglamping.com\/en\/\",\"logo\":{\"@type\":\"ImageObject\",\"inLanguage\":\"en-US\",\"@id\":\"https:\/\/www.cuppabeachglamping.com\/en\/#\/schema\/logo\/image\/\",\"url\":\"https:\/\/www.cuppabeachglamping.com\/wp-content\/uploads\/2023\/05\/cropped-siteikon.png\",\"contentUrl\":\"https:\/\/www.cuppabeachglamping.com\/wp-content\/uploads\/2023\/05\/cropped-siteikon.png\",\"width\":512,\"height\":512,\"caption\":\"Cuppa Beach Glamping\"},\"image\":{\"@id\":\"https:\/\/www.cuppabeachglamping.com\/en\/#\/schema\/logo\/image\/\"},\"sameAs\":[\"https:\/\/www.facebook.com\/cuppabeachglamping.com\",\"https:\/\/www.instagram.com\/cuppabeachglamping.com\"]}]}<\/script>\n<!-- \/ Yoast SEO plugin. -->","yoast_head_json":{"title":"Dome - Cuppa Beach Glamping","robots":{"index":"index","follow":"follow","max-snippet":"max-snippet:-1","max-image-preview":"max-image-preview:large","max-video-preview":"max-video-preview:-1"},"canonical":"https:\/\/www.cuppabeachglamping.com\/en\/product\/dome\/","og_locale":"en_US","og_type":"article","og_title":"Dome - Cuppa Beach Glamping","og_description":"Dome konseptimizde konaklamalar \u00e7ift ki\u015filik olarak yap\u0131lmaktad\u0131r. \u0130\u00e7lerinde tuvalet-du\u015f-lavabo bulunmakta olup alanlar\u0131 35 m\u00b2&#8217;dir. Hemen \u00f6n\u00fcnde bulunan size \u00f6zel teras\u0131nda ak\u015famlar\u0131n\u0131za keyif katabilirsiniz. Konsept dahilinde oda kahvalt\u0131 \u00e7al\u0131\u015fmaktay\u0131z. Kahvalt\u0131n\u0131z\u0131 deniz manzaras\u0131na sahip restoran\u0131m\u0131zda serpme kahvalt\u0131 \u015feklinde yapmaktas\u0131n\u0131z. Glamping ve plaj alan\u0131n\u0131n tamam\u0131nda kablosuz internet olmaktad\u0131r ve \u00fccretsizdir. Glamping konaklamalarda, plaj, iskele, \u015fezlong ve \u015femsiye kullan\u0131m\u0131 [&hellip;]","og_url":"https:\/\/www.cuppabeachglamping.com\/en\/product\/dome\/","og_site_name":"Cuppa Beach Glamping","article_publisher":"https:\/\/www.facebook.com\/cuppabeachglamping.com","article_modified_time":"2023-08-16T14:36:49+00:00","og_image":[{"width":885,"height":650,"url":"https:\/\/www.cuppabeachglamping.com\/wp-content\/uploads\/2023\/05\/assos-glamping.jpg","type":"image\/jpeg"}],"twitter_card":"summary_large_image","twitter_misc":{"Est. reading time":"1 minute"},"schema":{"@context":"https:\/\/schema.org","@graph":[{"@type":"WebPage","@id":"https:\/\/www.cuppabeachglamping.com\/product\/dome\/","url":"https:\/\/www.cuppabeachglamping.com\/product\/dome\/","name":"Dome - Cuppa Beach Glamping","isPartOf":{"@id":"https:\/\/www.cuppabeachglamping.com\/en\/#website"},"datePublished":"2023-05-08T10:56:59+00:00","dateModified":"2023-08-16T14:36:49+00:00","breadcrumb":{"@id":"https:\/\/www.cuppabeachglamping.com\/product\/dome\/#breadcrumb"},"inLanguage":"en-US","potentialAction":[{"@type":"ReadAction","target":["https:\/\/www.cuppabeachglamping.com\/product\/dome\/"]}]},{"@type":"BreadcrumbList","@id":"https:\/\/www.cuppabeachglamping.com\/product\/dome\/#breadcrumb","itemListElement":[{"@type":"ListItem","position":1,"name":"Anasayfa","item":"https:\/\/www.cuppabeachglamping.com\/"},{"@type":"ListItem","position":2,"name":"Products","item":"https:\/\/www.cuppabeachglamping.com\/en\/shop__trashed\/"},{"@type":"ListItem","position":3,"name":"Dome"}]},{"@type":"WebSite","@id":"https:\/\/www.cuppabeachglamping.com\/en\/#website","url":"https:\/\/www.cuppabeachglamping.com\/en\/","name":"Cuppa Beach Glamping","description":"Bu Yaz Assos&#039;ta Cuppa&#039;day\u0131z","publisher":{"@id":"https:\/\/www.cuppabeachglamping.com\/en\/#organization"},"potentialAction":[{"@type":"SearchAction","target":{"@type":"EntryPoint","urlTemplate":"https:\/\/www.cuppabeachglamping.com\/en\/?s={search_term_string}"},"query-input":"required name=search_term_string"}],"inLanguage":"en-US"},{"@type":"Organization","@id":"https:\/\/www.cuppabeachglamping.com\/en\/#organization","name":"Cuppa Beach Glamping","url":"https:\/\/www.cuppabeachglamping.com\/en\/","logo":{"@type":"ImageObject","inLanguage":"en-US","@id":"https:\/\/www.cuppabeachglamping.com\/en\/#\/schema\/logo\/image\/","url":"https:\/\/www.cuppabeachglamping.com\/wp-content\/uploads\/2023\/05\/cropped-siteikon.png","contentUrl":"https:\/\/www.cuppabeachglamping.com\/wp-content\/uploads\/2023\/05\/cropped-siteikon.png","width":512,"height":512,"caption":"Cuppa Beach Glamping"},"image":{"@id":"https:\/\/www.cuppabeachglamping.com\/en\/#\/schema\/logo\/image\/"},"sameAs":["https:\/\/www.facebook.com\/cuppabeachglamping.com","https:\/\/www.instagram.com\/cuppabeachglamping.com"]}]}},"_links":{"self":[{"href":"https:\/\/www.cuppabeachglamping.com\/en\/wp-json\/wp\/v2\/product\/3968","targetHints":{"allow":["GET"]}}],"collection":[{"href":"https:\/\/www.cuppabeachglamping.com\/en\/wp-json\/wp\/v2\/product"}],"about":[{"href":"https:\/\/www.cuppabeachglamping.com\/en\/wp-json\/wp\/v2\/types\/product"}],"wp:featuredmedia":[{"embeddable":true,"href":"https:\/\/www.cuppabeachglamping.com\/en\/wp-json\/wp\/v2\/media\/4230"}],"wp:attachment":[{"href":"https:\/\/www.cuppabeachglamping.com\/en\/wp-json\/wp\/v2\/media?parent=3968"}],"wp:term":[{"taxonomy":"product_cat","embeddable":true,"href":"https:\/\/www.cuppabeachglamping.com\/en\/wp-json\/wp\/v2\/product_cat?post=3968"},{"taxonomy":"product_tag","embeddable":true,"href":"https:\/\/www.cuppabeachglamping.com\/en\/wp-json\/wp\/v2\/product_tag?post=3968"}],"curies":[{"name":"wp","href":"https:\/\/api.w.org\/{rel}","templated":true}]}}