{"id":4115,"date":"2023-05-29T21:19:32","date_gmt":"2023-05-29T21:19:32","guid":{"rendered":"https:\/\/www.cuppabeachglamping.com\/?post_type=product&#038;p=4115"},"modified":"2023-08-16T17:12:45","modified_gmt":"2023-08-16T17:12:45","slug":"luks-cadir-alani","status":"publish","type":"product","link":"https:\/\/www.cuppabeachglamping.com\/en\/product\/luks-cadir-alani\/","title":{"rendered":"Luxury Campground"},"content":{"rendered":"<p>A special study has been made for our tent areas. There are 12 parcels in total from the tent areas that are being separated from the parcel. Our tent area is located just above the dome tent area. You can only stay with your own tent. You can enjoy barbecue in the barbecue areas that we have specially determined for you. There are three groups of sockets in each enclosed tent area. We have a camper&#039;s kitchen in the camp. We have a refrigerator sufficient for all tent area guests. You can meet your needs such as hot water, separate men&#039;s and women&#039;s toilets, separate men&#039;s and women&#039;s showers and changing cabins within the area and, if you wish, at the beach. Tent accommodation is charged per person and we work in the concept of bed and breakfast. Your breakfasts are served in our restaurant area with sea view. Our breakfast is mixed breakfast. Use of beach, pier, sun loungers and umbrellas included in the price <span style=\"color: #ff0000;\">is included<\/span>.<\/p>\n<p>Unfortunately, renting a tent in our facility <span style=\"color: #ff0000;\">does not exist<\/span>.<\/p>\n<p>If there is any information that you cannot reach, do not hesitate to call us.<\/p>\n<p><a href=\"tel:0555 071 17 71\" data-dtype=\"d3ph\" data-local-attribute=\"d3ph\" data-ved=\"2ahUKEwiku9CKjOGAAxXiSfEDHbNtAEAQkAgoAHoECDwQAw\"><span aria-label=\"Call 0555 071 17 71\">0555 071 17 71<\/span><\/a><\/p>\n<p>We wish you happy holidays in advance.<\/p>","protected":false},"excerpt":{"rendered":"<p>A special study has been carried out for our tent areas. There are a total of 12 parcels of tent areas that are divided into parcels. Our tent area is located just above the dome tent area. You can only stay with your own tent. You can barbecue with pleasure in the barbecue areas we have specially designated for you. There are three group sockets in each surrounded tent area. Our camper kitchen inside the camp [\u2026]<\/p>","protected":false},"featured_media":4231,"template":"","meta":[],"product_cat":[15],"product_tag":[],"class_list":["post-4115","product","type-product","status-publish","has-post-thumbnail","hentry","product_cat-cuppa"],"yoast_head":"<!-- This site is optimized with the Yoast SEO plugin v20.8 - https:\/\/yoast.com\/wordpress\/plugins\/seo\/ -->\n<title>L\u00fcks Kamp Alan\u0131 - Cuppa Beach Glamping<\/title>\n<meta name=\"robots\" content=\"index, follow, max-snippet:-1, max-image-preview:large, max-video-preview:-1\" \/>\n<link rel=\"canonical\" href=\"https:\/\/www.cuppabeachglamping.com\/en\/product\/luks-cadir-alani\/\" \/>\n<meta property=\"og:locale\" content=\"en_US\" \/>\n<meta property=\"og:type\" content=\"article\" \/>\n<meta property=\"og:title\" content=\"L\u00fcks Kamp Alan\u0131 - Cuppa Beach Glamping\" \/>\n<meta property=\"og:description\" content=\"\u00c7ad\u0131r alanlar\u0131m\u0131z i\u00e7in \u00f6zel bir \u00e7al\u0131\u015fma yap\u0131lm\u0131\u015ft\u0131r. Parsel, parsel ayr\u0131lmakta olan \u00e7ad\u0131r alanlar\u0131ndan toplam 12 parsel bulunmaktad\u0131r. \u00c7ad\u0131r alan\u0131m\u0131z, dome \u00e7ad\u0131r alan\u0131n\u0131n hemen \u00fcst taraf\u0131nda yer almaktad\u0131r. Sadece kendi \u00e7ad\u0131r\u0131n\u0131z ile konaklama yapabilirsiniz. Sizin i\u00e7in \u00f6zel olarak belirledi\u011fimiz mangal alanlar\u0131nda keyifle mangal yapabilirsiniz. Her \u00e7evrili \u00e7ad\u0131r alan\u0131nda \u00fc\u00e7l\u00fc grup priz bulunmaktad\u0131r. Kamp i\u00e7erisinde kamp\u00e7\u0131 mutfa\u011f\u0131m\u0131z [&hellip;]\" \/>\n<meta property=\"og:url\" content=\"https:\/\/www.cuppabeachglamping.com\/en\/product\/luks-cadir-alani\/\" \/>\n<meta property=\"og:site_name\" content=\"Cuppa Beach Glamping\" \/>\n<meta property=\"article:publisher\" content=\"https:\/\/www.facebook.com\/cuppabeachglamping.com\" \/>\n<meta property=\"article:modified_time\" content=\"2023-08-16T17:12:45+00:00\" \/>\n<meta property=\"og:image\" content=\"https:\/\/www.cuppabeachglamping.com\/wp-content\/uploads\/2023\/05\/cadi2.jpg\" \/>\n\t<meta property=\"og:image:width\" content=\"885\" \/>\n\t<meta property=\"og:image:height\" content=\"650\" \/>\n\t<meta property=\"og:image:type\" content=\"image\/jpeg\" \/>\n<meta name=\"twitter:card\" content=\"summary_large_image\" \/>\n<meta name=\"twitter:label1\" content=\"Est. reading time\" \/>\n\t<meta name=\"twitter:data1\" content=\"1 minute\" \/>\n<script type=\"application\/ld+json\" class=\"yoast-schema-graph\">{\"@context\":\"https:\/\/schema.org\",\"@graph\":[{\"@type\":\"WebPage\",\"@id\":\"https:\/\/www.cuppabeachglamping.com\/product\/luks-cadir-alani\/\",\"url\":\"https:\/\/www.cuppabeachglamping.com\/product\/luks-cadir-alani\/\",\"name\":\"L\u00fcks Kamp Alan\u0131 - Cuppa Beach Glamping\",\"isPartOf\":{\"@id\":\"https:\/\/www.cuppabeachglamping.com\/en\/#website\"},\"datePublished\":\"2023-05-29T21:19:32+00:00\",\"dateModified\":\"2023-08-16T17:12:45+00:00\",\"breadcrumb\":{\"@id\":\"https:\/\/www.cuppabeachglamping.com\/product\/luks-cadir-alani\/#breadcrumb\"},\"inLanguage\":\"en-US\",\"potentialAction\":[{\"@type\":\"ReadAction\",\"target\":[\"https:\/\/www.cuppabeachglamping.com\/product\/luks-cadir-alani\/\"]}]},{\"@type\":\"BreadcrumbList\",\"@id\":\"https:\/\/www.cuppabeachglamping.com\/product\/luks-cadir-alani\/#breadcrumb\",\"itemListElement\":[{\"@type\":\"ListItem\",\"position\":1,\"name\":\"Anasayfa\",\"item\":\"https:\/\/www.cuppabeachglamping.com\/\"},{\"@type\":\"ListItem\",\"position\":2,\"name\":\"Products\",\"item\":\"https:\/\/www.cuppabeachglamping.com\/en\/shop__trashed\/\"},{\"@type\":\"ListItem\",\"position\":3,\"name\":\"L\u00fcks Kamp Alan\u0131\"}]},{\"@type\":\"WebSite\",\"@id\":\"https:\/\/www.cuppabeachglamping.com\/en\/#website\",\"url\":\"https:\/\/www.cuppabeachglamping.com\/en\/\",\"name\":\"Cuppa Beach Glamping\",\"description\":\"Bu Yaz Assos&#039;ta Cuppa&#039;day\u0131z\",\"publisher\":{\"@id\":\"https:\/\/www.cuppabeachglamping.com\/en\/#organization\"},\"potentialAction\":[{\"@type\":\"SearchAction\",\"target\":{\"@type\":\"EntryPoint\",\"urlTemplate\":\"https:\/\/www.cuppabeachglamping.com\/en\/?s={search_term_string}\"},\"query-input\":\"required name=search_term_string\"}],\"inLanguage\":\"en-US\"},{\"@type\":\"Organization\",\"@id\":\"https:\/\/www.cuppabeachglamping.com\/en\/#organization\",\"name\":\"Cuppa Beach Glamping\",\"url\":\"https:\/\/www.cuppabeachglamping.com\/en\/\",\"logo\":{\"@type\":\"ImageObject\",\"inLanguage\":\"en-US\",\"@id\":\"https:\/\/www.cuppabeachglamping.com\/en\/#\/schema\/logo\/image\/\",\"url\":\"https:\/\/www.cuppabeachglamping.com\/wp-content\/uploads\/2023\/05\/cropped-siteikon.png\",\"contentUrl\":\"https:\/\/www.cuppabeachglamping.com\/wp-content\/uploads\/2023\/05\/cropped-siteikon.png\",\"width\":512,\"height\":512,\"caption\":\"Cuppa Beach Glamping\"},\"image\":{\"@id\":\"https:\/\/www.cuppabeachglamping.com\/en\/#\/schema\/logo\/image\/\"},\"sameAs\":[\"https:\/\/www.facebook.com\/cuppabeachglamping.com\",\"https:\/\/www.instagram.com\/cuppabeachglamping.com\"]}]}<\/script>\n<!-- \/ Yoast SEO plugin. -->","yoast_head_json":{"title":"L\u00fcks Kamp Alan\u0131 - Cuppa Beach Glamping","robots":{"index":"index","follow":"follow","max-snippet":"max-snippet:-1","max-image-preview":"max-image-preview:large","max-video-preview":"max-video-preview:-1"},"canonical":"https:\/\/www.cuppabeachglamping.com\/en\/product\/luks-cadir-alani\/","og_locale":"en_US","og_type":"article","og_title":"L\u00fcks Kamp Alan\u0131 - Cuppa Beach Glamping","og_description":"\u00c7ad\u0131r alanlar\u0131m\u0131z i\u00e7in \u00f6zel bir \u00e7al\u0131\u015fma yap\u0131lm\u0131\u015ft\u0131r. Parsel, parsel ayr\u0131lmakta olan \u00e7ad\u0131r alanlar\u0131ndan toplam 12 parsel bulunmaktad\u0131r. \u00c7ad\u0131r alan\u0131m\u0131z, dome \u00e7ad\u0131r alan\u0131n\u0131n hemen \u00fcst taraf\u0131nda yer almaktad\u0131r. Sadece kendi \u00e7ad\u0131r\u0131n\u0131z ile konaklama yapabilirsiniz. Sizin i\u00e7in \u00f6zel olarak belirledi\u011fimiz mangal alanlar\u0131nda keyifle mangal yapabilirsiniz. Her \u00e7evrili \u00e7ad\u0131r alan\u0131nda \u00fc\u00e7l\u00fc grup priz bulunmaktad\u0131r. Kamp i\u00e7erisinde kamp\u00e7\u0131 mutfa\u011f\u0131m\u0131z [&hellip;]","og_url":"https:\/\/www.cuppabeachglamping.com\/en\/product\/luks-cadir-alani\/","og_site_name":"Cuppa Beach Glamping","article_publisher":"https:\/\/www.facebook.com\/cuppabeachglamping.com","article_modified_time":"2023-08-16T17:12:45+00:00","og_image":[{"width":885,"height":650,"url":"https:\/\/www.cuppabeachglamping.com\/wp-content\/uploads\/2023\/05\/cadi2.jpg","type":"image\/jpeg"}],"twitter_card":"summary_large_image","twitter_misc":{"Est. reading time":"1 minute"},"schema":{"@context":"https:\/\/schema.org","@graph":[{"@type":"WebPage","@id":"https:\/\/www.cuppabeachglamping.com\/product\/luks-cadir-alani\/","url":"https:\/\/www.cuppabeachglamping.com\/product\/luks-cadir-alani\/","name":"L\u00fcks Kamp Alan\u0131 - Cuppa Beach Glamping","isPartOf":{"@id":"https:\/\/www.cuppabeachglamping.com\/en\/#website"},"datePublished":"2023-05-29T21:19:32+00:00","dateModified":"2023-08-16T17:12:45+00:00","breadcrumb":{"@id":"https:\/\/www.cuppabeachglamping.com\/product\/luks-cadir-alani\/#breadcrumb"},"inLanguage":"en-US","potentialAction":[{"@type":"ReadAction","target":["https:\/\/www.cuppabeachglamping.com\/product\/luks-cadir-alani\/"]}]},{"@type":"BreadcrumbList","@id":"https:\/\/www.cuppabeachglamping.com\/product\/luks-cadir-alani\/#breadcrumb","itemListElement":[{"@type":"ListItem","position":1,"name":"Anasayfa","item":"https:\/\/www.cuppabeachglamping.com\/"},{"@type":"ListItem","position":2,"name":"Products","item":"https:\/\/www.cuppabeachglamping.com\/en\/shop__trashed\/"},{"@type":"ListItem","position":3,"name":"L\u00fcks Kamp Alan\u0131"}]},{"@type":"WebSite","@id":"https:\/\/www.cuppabeachglamping.com\/en\/#website","url":"https:\/\/www.cuppabeachglamping.com\/en\/","name":"Cuppa Beach Glamping","description":"Bu Yaz Assos&#039;ta Cuppa&#039;day\u0131z","publisher":{"@id":"https:\/\/www.cuppabeachglamping.com\/en\/#organization"},"potentialAction":[{"@type":"SearchAction","target":{"@type":"EntryPoint","urlTemplate":"https:\/\/www.cuppabeachglamping.com\/en\/?s={search_term_string}"},"query-input":"required name=search_term_string"}],"inLanguage":"en-US"},{"@type":"Organization","@id":"https:\/\/www.cuppabeachglamping.com\/en\/#organization","name":"Cuppa Beach Glamping","url":"https:\/\/www.cuppabeachglamping.com\/en\/","logo":{"@type":"ImageObject","inLanguage":"en-US","@id":"https:\/\/www.cuppabeachglamping.com\/en\/#\/schema\/logo\/image\/","url":"https:\/\/www.cuppabeachglamping.com\/wp-content\/uploads\/2023\/05\/cropped-siteikon.png","contentUrl":"https:\/\/www.cuppabeachglamping.com\/wp-content\/uploads\/2023\/05\/cropped-siteikon.png","width":512,"height":512,"caption":"Cuppa Beach Glamping"},"image":{"@id":"https:\/\/www.cuppabeachglamping.com\/en\/#\/schema\/logo\/image\/"},"sameAs":["https:\/\/www.facebook.com\/cuppabeachglamping.com","https:\/\/www.instagram.com\/cuppabeachglamping.com"]}]}},"_links":{"self":[{"href":"https:\/\/www.cuppabeachglamping.com\/en\/wp-json\/wp\/v2\/product\/4115","targetHints":{"allow":["GET"]}}],"collection":[{"href":"https:\/\/www.cuppabeachglamping.com\/en\/wp-json\/wp\/v2\/product"}],"about":[{"href":"https:\/\/www.cuppabeachglamping.com\/en\/wp-json\/wp\/v2\/types\/product"}],"wp:featuredmedia":[{"embeddable":true,"href":"https:\/\/www.cuppabeachglamping.com\/en\/wp-json\/wp\/v2\/media\/4231"}],"wp:attachment":[{"href":"https:\/\/www.cuppabeachglamping.com\/en\/wp-json\/wp\/v2\/media?parent=4115"}],"wp:term":[{"taxonomy":"product_cat","embeddable":true,"href":"https:\/\/www.cuppabeachglamping.com\/en\/wp-json\/wp\/v2\/product_cat?post=4115"},{"taxonomy":"product_tag","embeddable":true,"href":"https:\/\/www.cuppabeachglamping.com\/en\/wp-json\/wp\/v2\/product_tag?post=4115"}],"curies":[{"name":"wp","href":"https:\/\/api.w.org\/{rel}","templated":true}]}}