{"id":4117,"date":"2023-05-29T21:20:30","date_gmt":"2023-05-29T21:20:30","guid":{"rendered":"https:\/\/www.cuppabeachglamping.com\/?post_type=product&#038;p=4117"},"modified":"2023-08-16T15:03:48","modified_gmt":"2023-08-16T15:03:48","slug":"cuppa-beach","status":"publish","type":"product","link":"https:\/\/www.cuppabeachglamping.com\/en\/product\/cuppa-beach\/","title":{"rendered":"Cuppa Beach"},"content":{"rendered":"<p>Private umbrellas, sun loungers, beach and pier. In Cuppa Beach Glamping Assos, the address where you will find the holiday you are looking for, you will be able to evaluate the beach part as you wish. You will love the taste of fast food and meals from your special buffet. You will find many products you need in our buffet, where alcohol is also sold.<\/p>","protected":false},"excerpt":{"rendered":"<p>Private umbrellas, sun loungers, beach and pier. In Cuppa Beach Glamping Assos, the address where you will find the holiday you are looking for, you will be able to evaluate the beach part as you wish. You will love the taste of fast food and meals from your special buffet. You will find many products you need in our buffet, where alcohol is also sold.<\/p>","protected":false},"featured_media":4232,"template":"","meta":[],"product_cat":[15],"product_tag":[],"class_list":["post-4117","product","type-product","status-publish","has-post-thumbnail","hentry","product_cat-cuppa"],"yoast_head":"<!-- This site is optimized with the Yoast SEO plugin v20.8 - https:\/\/yoast.com\/wordpress\/plugins\/seo\/ -->\n<title>Cuppa Beach - Cuppa Beach Glamping<\/title>\n<meta name=\"robots\" content=\"index, follow, max-snippet:-1, max-image-preview:large, max-video-preview:-1\" \/>\n<link rel=\"canonical\" href=\"https:\/\/www.cuppabeachglamping.com\/en\/product\/cuppa-beach\/\" \/>\n<meta property=\"og:locale\" content=\"en_US\" \/>\n<meta property=\"og:type\" content=\"article\" \/>\n<meta property=\"og:title\" content=\"Cuppa Beach - Cuppa Beach Glamping\" \/>\n<meta property=\"og:description\" content=\"Size \u00f6zel \u015femsiye, \u015fezlong, plaj ve iskele. Arad\u0131\u011f\u0131n tatili bulaca\u011f\u0131n adres olan Cuppa Beach Glamping Assos&#8217;ta, plaj k\u0131sm\u0131n\u0131 diledi\u011finiz gibi de\u011ferlendirebileceksiniz. Size \u00f6zel b\u00fcfesinden \u00e7\u0131kan fast food ve yemeklerin lezzetine bay\u0131lacaks\u0131n\u0131z. Alkol sat\u0131\u015f\u0131n\u0131n da bulundu\u011fu b\u00fcfemizde ihtiyac\u0131n\u0131z olan bir\u00e7ok \u00fcr\u00fcn\u00fc de bulabileceksiniz.\" \/>\n<meta property=\"og:url\" content=\"https:\/\/www.cuppabeachglamping.com\/en\/product\/cuppa-beach\/\" \/>\n<meta property=\"og:site_name\" content=\"Cuppa Beach Glamping\" \/>\n<meta property=\"article:publisher\" content=\"https:\/\/www.facebook.com\/cuppabeachglamping.com\" \/>\n<meta property=\"article:modified_time\" content=\"2023-08-16T15:03:48+00:00\" \/>\n<meta property=\"og:image\" content=\"https:\/\/www.cuppabeachglamping.com\/wp-content\/uploads\/2023\/05\/beach.jpg\" \/>\n\t<meta property=\"og:image:width\" content=\"885\" \/>\n\t<meta property=\"og:image:height\" content=\"650\" \/>\n\t<meta property=\"og:image:type\" content=\"image\/jpeg\" \/>\n<meta name=\"twitter:card\" content=\"summary_large_image\" \/>\n<meta name=\"twitter:label1\" content=\"Est. reading time\" \/>\n\t<meta name=\"twitter:data1\" content=\"1 minute\" \/>\n<script type=\"application\/ld+json\" class=\"yoast-schema-graph\">{\"@context\":\"https:\/\/schema.org\",\"@graph\":[{\"@type\":\"WebPage\",\"@id\":\"https:\/\/www.cuppabeachglamping.com\/product\/cuppa-beach\/\",\"url\":\"https:\/\/www.cuppabeachglamping.com\/product\/cuppa-beach\/\",\"name\":\"Cuppa Beach - Cuppa Beach Glamping\",\"isPartOf\":{\"@id\":\"https:\/\/www.cuppabeachglamping.com\/en\/#website\"},\"datePublished\":\"2023-05-29T21:20:30+00:00\",\"dateModified\":\"2023-08-16T15:03:48+00:00\",\"breadcrumb\":{\"@id\":\"https:\/\/www.cuppabeachglamping.com\/product\/cuppa-beach\/#breadcrumb\"},\"inLanguage\":\"en-US\",\"potentialAction\":[{\"@type\":\"ReadAction\",\"target\":[\"https:\/\/www.cuppabeachglamping.com\/product\/cuppa-beach\/\"]}]},{\"@type\":\"BreadcrumbList\",\"@id\":\"https:\/\/www.cuppabeachglamping.com\/product\/cuppa-beach\/#breadcrumb\",\"itemListElement\":[{\"@type\":\"ListItem\",\"position\":1,\"name\":\"Anasayfa\",\"item\":\"https:\/\/www.cuppabeachglamping.com\/\"},{\"@type\":\"ListItem\",\"position\":2,\"name\":\"Products\",\"item\":\"https:\/\/www.cuppabeachglamping.com\/en\/shop__trashed\/\"},{\"@type\":\"ListItem\",\"position\":3,\"name\":\"Cuppa Beach\"}]},{\"@type\":\"WebSite\",\"@id\":\"https:\/\/www.cuppabeachglamping.com\/en\/#website\",\"url\":\"https:\/\/www.cuppabeachglamping.com\/en\/\",\"name\":\"Cuppa Beach Glamping\",\"description\":\"Bu Yaz Assos&#039;ta Cuppa&#039;day\u0131z\",\"publisher\":{\"@id\":\"https:\/\/www.cuppabeachglamping.com\/en\/#organization\"},\"potentialAction\":[{\"@type\":\"SearchAction\",\"target\":{\"@type\":\"EntryPoint\",\"urlTemplate\":\"https:\/\/www.cuppabeachglamping.com\/en\/?s={search_term_string}\"},\"query-input\":\"required name=search_term_string\"}],\"inLanguage\":\"en-US\"},{\"@type\":\"Organization\",\"@id\":\"https:\/\/www.cuppabeachglamping.com\/en\/#organization\",\"name\":\"Cuppa Beach Glamping\",\"url\":\"https:\/\/www.cuppabeachglamping.com\/en\/\",\"logo\":{\"@type\":\"ImageObject\",\"inLanguage\":\"en-US\",\"@id\":\"https:\/\/www.cuppabeachglamping.com\/en\/#\/schema\/logo\/image\/\",\"url\":\"https:\/\/www.cuppabeachglamping.com\/wp-content\/uploads\/2023\/05\/cropped-siteikon.png\",\"contentUrl\":\"https:\/\/www.cuppabeachglamping.com\/wp-content\/uploads\/2023\/05\/cropped-siteikon.png\",\"width\":512,\"height\":512,\"caption\":\"Cuppa Beach Glamping\"},\"image\":{\"@id\":\"https:\/\/www.cuppabeachglamping.com\/en\/#\/schema\/logo\/image\/\"},\"sameAs\":[\"https:\/\/www.facebook.com\/cuppabeachglamping.com\",\"https:\/\/www.instagram.com\/cuppabeachglamping.com\"]}]}<\/script>\n<!-- \/ Yoast SEO plugin. -->","yoast_head_json":{"title":"Cuppa Beach - Cuppa Beach Glamping","robots":{"index":"index","follow":"follow","max-snippet":"max-snippet:-1","max-image-preview":"max-image-preview:large","max-video-preview":"max-video-preview:-1"},"canonical":"https:\/\/www.cuppabeachglamping.com\/en\/product\/cuppa-beach\/","og_locale":"en_US","og_type":"article","og_title":"Cuppa Beach - Cuppa Beach Glamping","og_description":"Size \u00f6zel \u015femsiye, \u015fezlong, plaj ve iskele. Arad\u0131\u011f\u0131n tatili bulaca\u011f\u0131n adres olan Cuppa Beach Glamping Assos&#8217;ta, plaj k\u0131sm\u0131n\u0131 diledi\u011finiz gibi de\u011ferlendirebileceksiniz. Size \u00f6zel b\u00fcfesinden \u00e7\u0131kan fast food ve yemeklerin lezzetine bay\u0131lacaks\u0131n\u0131z. Alkol sat\u0131\u015f\u0131n\u0131n da bulundu\u011fu b\u00fcfemizde ihtiyac\u0131n\u0131z olan bir\u00e7ok \u00fcr\u00fcn\u00fc de bulabileceksiniz.","og_url":"https:\/\/www.cuppabeachglamping.com\/en\/product\/cuppa-beach\/","og_site_name":"Cuppa Beach Glamping","article_publisher":"https:\/\/www.facebook.com\/cuppabeachglamping.com","article_modified_time":"2023-08-16T15:03:48+00:00","og_image":[{"width":885,"height":650,"url":"https:\/\/www.cuppabeachglamping.com\/wp-content\/uploads\/2023\/05\/beach.jpg","type":"image\/jpeg"}],"twitter_card":"summary_large_image","twitter_misc":{"Est. reading time":"1 minute"},"schema":{"@context":"https:\/\/schema.org","@graph":[{"@type":"WebPage","@id":"https:\/\/www.cuppabeachglamping.com\/product\/cuppa-beach\/","url":"https:\/\/www.cuppabeachglamping.com\/product\/cuppa-beach\/","name":"Cuppa Beach - Cuppa Beach Glamping","isPartOf":{"@id":"https:\/\/www.cuppabeachglamping.com\/en\/#website"},"datePublished":"2023-05-29T21:20:30+00:00","dateModified":"2023-08-16T15:03:48+00:00","breadcrumb":{"@id":"https:\/\/www.cuppabeachglamping.com\/product\/cuppa-beach\/#breadcrumb"},"inLanguage":"en-US","potentialAction":[{"@type":"ReadAction","target":["https:\/\/www.cuppabeachglamping.com\/product\/cuppa-beach\/"]}]},{"@type":"BreadcrumbList","@id":"https:\/\/www.cuppabeachglamping.com\/product\/cuppa-beach\/#breadcrumb","itemListElement":[{"@type":"ListItem","position":1,"name":"Anasayfa","item":"https:\/\/www.cuppabeachglamping.com\/"},{"@type":"ListItem","position":2,"name":"Products","item":"https:\/\/www.cuppabeachglamping.com\/en\/shop__trashed\/"},{"@type":"ListItem","position":3,"name":"Cuppa Beach"}]},{"@type":"WebSite","@id":"https:\/\/www.cuppabeachglamping.com\/en\/#website","url":"https:\/\/www.cuppabeachglamping.com\/en\/","name":"Cuppa Beach Glamping","description":"Bu Yaz Assos&#039;ta Cuppa&#039;day\u0131z","publisher":{"@id":"https:\/\/www.cuppabeachglamping.com\/en\/#organization"},"potentialAction":[{"@type":"SearchAction","target":{"@type":"EntryPoint","urlTemplate":"https:\/\/www.cuppabeachglamping.com\/en\/?s={search_term_string}"},"query-input":"required name=search_term_string"}],"inLanguage":"en-US"},{"@type":"Organization","@id":"https:\/\/www.cuppabeachglamping.com\/en\/#organization","name":"Cuppa Beach Glamping","url":"https:\/\/www.cuppabeachglamping.com\/en\/","logo":{"@type":"ImageObject","inLanguage":"en-US","@id":"https:\/\/www.cuppabeachglamping.com\/en\/#\/schema\/logo\/image\/","url":"https:\/\/www.cuppabeachglamping.com\/wp-content\/uploads\/2023\/05\/cropped-siteikon.png","contentUrl":"https:\/\/www.cuppabeachglamping.com\/wp-content\/uploads\/2023\/05\/cropped-siteikon.png","width":512,"height":512,"caption":"Cuppa Beach Glamping"},"image":{"@id":"https:\/\/www.cuppabeachglamping.com\/en\/#\/schema\/logo\/image\/"},"sameAs":["https:\/\/www.facebook.com\/cuppabeachglamping.com","https:\/\/www.instagram.com\/cuppabeachglamping.com"]}]}},"_links":{"self":[{"href":"https:\/\/www.cuppabeachglamping.com\/en\/wp-json\/wp\/v2\/product\/4117","targetHints":{"allow":["GET"]}}],"collection":[{"href":"https:\/\/www.cuppabeachglamping.com\/en\/wp-json\/wp\/v2\/product"}],"about":[{"href":"https:\/\/www.cuppabeachglamping.com\/en\/wp-json\/wp\/v2\/types\/product"}],"wp:featuredmedia":[{"embeddable":true,"href":"https:\/\/www.cuppabeachglamping.com\/en\/wp-json\/wp\/v2\/media\/4232"}],"wp:attachment":[{"href":"https:\/\/www.cuppabeachglamping.com\/en\/wp-json\/wp\/v2\/media?parent=4117"}],"wp:term":[{"taxonomy":"product_cat","embeddable":true,"href":"https:\/\/www.cuppabeachglamping.com\/en\/wp-json\/wp\/v2\/product_cat?post=4117"},{"taxonomy":"product_tag","embeddable":true,"href":"https:\/\/www.cuppabeachglamping.com\/en\/wp-json\/wp\/v2\/product_tag?post=4117"}],"curies":[{"name":"wp","href":"https:\/\/api.w.org\/{rel}","templated":true}]}}